{"id":351,"date":"2019-12-23T02:35:43","date_gmt":"2019-12-23T01:35:43","guid":{"rendered":"http:\/\/fogpotlasklinika.hu\/de\/?page_id=351"},"modified":"2020-05-18T15:11:41","modified_gmt":"2020-05-18T13:11:41","slug":"remenytelen-es-elrontott-implantacios-esetek","status":"publish","type":"page","link":"https:\/\/fogpotlasklinika.hu\/de\/dienstleistungen\/implantologie\/remenytelen-es-elrontott-implantacios-esetek\/","title":{"rendered":"&#8220;Rem\u00e9nytelen&#8221; \u00e9s elrontott implant\u00e1ci\u00f3s esetek"},"content":{"rendered":"","protected":false},"excerpt":{"rendered":"","protected":false},"author":1,"featured_media":0,"parent":132,"menu_order":0,"comment_status":"closed","ping_status":"closed","template":"","meta":{"_acf_changed":false,"footnotes":""},"class_list":["post-351","page","type-page","status-publish","hentry"],"acf":[],"_links":{"self":[{"href":"https:\/\/fogpotlasklinika.hu\/de\/wp-json\/wp\/v2\/pages\/351","targetHints":{"allow":["GET"]}}],"collection":[{"href":"https:\/\/fogpotlasklinika.hu\/de\/wp-json\/wp\/v2\/pages"}],"about":[{"href":"https:\/\/fogpotlasklinika.hu\/de\/wp-json\/wp\/v2\/types\/page"}],"author":[{"embeddable":true,"href":"https:\/\/fogpotlasklinika.hu\/de\/wp-json\/wp\/v2\/users\/1"}],"replies":[{"embeddable":true,"href":"https:\/\/fogpotlasklinika.hu\/de\/wp-json\/wp\/v2\/comments?post=351"}],"version-history":[{"count":9,"href":"https:\/\/fogpotlasklinika.hu\/de\/wp-json\/wp\/v2\/pages\/351\/revisions"}],"predecessor-version":[{"id":1058,"href":"https:\/\/fogpotlasklinika.hu\/de\/wp-json\/wp\/v2\/pages\/351\/revisions\/1058"}],"up":[{"embeddable":true,"href":"https:\/\/fogpotlasklinika.hu\/de\/wp-json\/wp\/v2\/pages\/132"}],"wp:attachment":[{"href":"https:\/\/fogpotlasklinika.hu\/de\/wp-json\/wp\/v2\/media?parent=351"}],"curies":[{"name":"wp","href":"https:\/\/api.w.org\/{rel}","templated":true}]}}